{"id":852,"date":"2024-03-10T10:06:20","date_gmt":"2024-03-10T09:06:20","guid":{"rendered":"https:\/\/apartamentosaviles.es\/blog-i\/"},"modified":"2024-03-13T10:30:28","modified_gmt":"2024-03-13T09:30:28","slug":"blog-i","status":"publish","type":"page","link":"https:\/\/apartamentosaviles.es\/?page_id=852","title":{"rendered":"Blog"},"content":{"rendered":"<div class=\"wpb-content-wrapper\"><p>[vc_row][vc_column]\t\n\t\t\t\n\t\t<!-- BEGIN .sohohotel-blog-wrapper-1 -->\n\t\t<div class=\"sohohotel-blog-wrapper-1\">\n\t\t\n\t\t\n\t\t\t\t\t\n\t\t\t\t<!-- BEGIN .sohohotel-blog-block -->\n\t\t\t\t<div id=\"post-878\" class=\"sohohotel-blog-block sohohotel-clearfix post-878 post type-post status-publish format-standard has-post-thumbnail hentry category-hotels category-travel tag-cities\">\n\t\t\t\t\t\n\t\t\t\t\t\n\t\t\t\t\t\t<div class=\"sohohotel-blog-block-image\">\n\t\t\t\t\t\t\t<a href=\"https:\/\/apartamentosaviles.es\/?p=878\" rel=\"bookmark\" title=\"Avil\u00e9s, una joya en el Norte de Espa\u00f1a\">\n\t\t\t\t\t\t\t\t\t\t\t\t\t\t\t\t<img decoding=\"async\" src=\"https:\/\/apartamentosaviles.es\/wp-content\/uploads\/2024\/03\/1712994655933.webp\" alt=\"\" loading=\"lazy\" \/>\t\t\t\t\t\t\t<\/a>\n\t\t\t\t\t\t<\/div>\n\n\t\t\t\t\t\t\t\t\t\t\n\t\t\t\t\t<!-- BEGIN .sohohotel-blog-title-meta-wrapper -->\n\t\t\t\t\t<div class=\"sohohotel-blog-title-meta-wrapper\">\n\t\t\t\t\t\n\t\t\t\t\t\t<h3><a href=\"https:\/\/apartamentosaviles.es\/?p=878\" rel=\"bookmark\" title=\"Avil\u00e9s, una joya en el Norte de Espa\u00f1a\">Avil\u00e9s, una joya en el Norte de Espa\u00f1a<\/a><\/h3>\n\n\t\t\t\t\t\t<!-- BEGIN .sohohotel-blog-meta -->\n\t\t\t\t\t\t<div class=\"sohohotel-blog-meta clearfix\">\n\t\t\t\t\t\t\t<span class=\"sohohotel-blog-meta-date\"><i class=\"fas fa-calendar\"><\/i><a href=\"https:\/\/apartamentosaviles.es\/?p=878\" rel=\"bookmark\" title=\"Avil\u00e9s, una joya en el Norte de Espa\u00f1a\">marzo 10, 2024<\/a><\/span>\n\t\t\t\t\t\t\t<span class=\"sohohotel-blog-meta-author\"><i class=\"fas fa-pencil-alt\"><\/i>Por <a href=\"https:\/\/apartamentosaviles.es\/?author=1\" title=\"Entradas de admin\" rel=\"author\">admin<\/a><\/span>\n\t\t\t\t\t\t\t\n\t\t\t\t\t\t\t\t\t\t\t\t\t\t\n\t\t\t\t\t\t\t\t<span class=\"sohohotel-blog-meta-category\"><i class=\"fas fa-tag\"><\/i><a href=\"https:\/\/apartamentosaviles.es\/?cat=46\" rel=\"category\">Hotels<\/a>, <a href=\"https:\/\/apartamentosaviles.es\/?cat=48\" rel=\"category\">Travel<\/a><\/span>\n\t\t\t\t\t\t\t\t<span class=\"sohohotel-blog-meta-comments\"><i class=\"fas fa-comment\"><\/i><a href=\"https:\/\/apartamentosaviles.es\/?p=878#respond\">Sin comentarios<\/a><\/span>\n\t\t\t\t\t\t\n\t\t\t\t\t\t\t\t\t\t\t\t\n\t\t\t\t\t\t<!-- END .sohohotel-blog-meta -->\n\t\t\t\t\t\t<\/div>\n\t\t\t\t\t\n\t\t\t\t\t<!-- END .sohohotel-blog-title-meta-wrapper -->\n\t\t\t\t\t<\/div>\n\t\t\t\t\t\n\t\t\t\t\t\t\t\t\t\t\n\t\t\t\t\t\t<!-- BEGIN .sohohotel-blog-description -->\n\t\t\t\t\t\t<div class=\"sohohotel-blog-description sohohotel-clearfix\">\n\t\t\t\t\t\t\n\t\t\t\t\t\t\t\t\t\t\t\t\t\t\n\t\t\t\t\t\t\t\tExplorar la riqueza cultural, hist\u00f3rica y natural de Avil\u00e9s es una experiencia que te sumerge en un mundo lleno de encanto y diversidad. Esta ciudad asturiana, situada en el norte de Espa\u00f1a, ofrece una amplia gama de atracciones que deleitan a sus visitantes, desde su casco antiguo medieval hasta sus modernas instalaciones culturales y sus impresionantes paisajes naturales. En este extenso art\u00edculo, te guiar\u00e9 a trav\u00e9s de un viaje virtual por Avil\u00e9s, destacando las principales cosas que ver y hacer en esta encantadora localidad.\t\t\t\t\t\t\t\t<div class=\"sohohotel-clearboth\"><\/div>\n\t\t\t\t\t\t\t\t<a href=\"https:\/\/apartamentosaviles.es\/?p=878\" class=\"sohohotel-more-link\">Leer m\u00e1s<\/a>\n\t\t\t\t\t\t\t\n\t\t\t\t\t\t\t\n\t\t\t\t\t\t<!-- END .sohohotel-blog-description -->\n\t\t\t\t\t\t<\/div>\n\t\t\t\t\t\n\t\t\t\t\t\n\t\t\t\t<!-- END .sohohotel-blog-block -->\n\t\t\t\t<\/div>\n\t\t\t\t\n\t\t\t\t\n\t\t<!-- END .sohohotel-blog-wrapper -->\n\t\t<\/div>\n\t\t\n\t\t\t\t\n\t\t[vc_empty_space height=\u00bb30px\u00bb][\/vc_column][\/vc_row]<\/p>\n<\/div>","protected":false},"excerpt":{"rendered":"<p>[vc_row][vc_column][vc_empty_space height=\u00bb30px\u00bb][\/vc_column][\/vc_row]<\/p>\n<a href=\"https:\/\/apartamentosaviles.es\/?p=878\" class=\"sohohotel-more-link\">Leer m\u00e1s<\/a>","protected":false},"author":1,"featured_media":0,"parent":0,"menu_order":0,"comment_status":"closed","ping_status":"closed","template":"","meta":{"footnotes":""},"class_list":["post-852","page","type-page","status-publish","hentry"],"_links":{"self":[{"href":"https:\/\/apartamentosaviles.es\/index.php?rest_route=\/wp\/v2\/pages\/852","targetHints":{"allow":["GET"]}}],"collection":[{"href":"https:\/\/apartamentosaviles.es\/index.php?rest_route=\/wp\/v2\/pages"}],"about":[{"href":"https:\/\/apartamentosaviles.es\/index.php?rest_route=\/wp\/v2\/types\/page"}],"author":[{"embeddable":true,"href":"https:\/\/apartamentosaviles.es\/index.php?rest_route=\/wp\/v2\/users\/1"}],"replies":[{"embeddable":true,"href":"https:\/\/apartamentosaviles.es\/index.php?rest_route=%2Fwp%2Fv2%2Fcomments&post=852"}],"version-history":[{"count":0,"href":"https:\/\/apartamentosaviles.es\/index.php?rest_route=\/wp\/v2\/pages\/852\/revisions"}],"wp:attachment":[{"href":"https:\/\/apartamentosaviles.es\/index.php?rest_route=%2Fwp%2Fv2%2Fmedia&parent=852"}],"curies":[{"name":"wp","href":"https:\/\/api.w.org\/{rel}","templated":true}]}}